{"id":352,"date":"2019-02-18T16:27:07","date_gmt":"2019-02-18T16:27:07","guid":{"rendered":"https:\/\/hotelcoral.al\/index.php\/rooms\/"},"modified":"2019-02-25T16:37:53","modified_gmt":"2019-02-25T16:37:53","slug":"rooms","status":"publish","type":"page","link":"https:\/\/hotelcoral.al\/index.php\/rooms\/?lang=sq","title":{"rendered":"DHOMAT"},"content":{"rendered":"<div class=\"wpb-content-wrapper\"><p>[vc_row el_class=&#8221;rresht&#8221;][vc_column width=&#8221;1\/3&#8243; css=&#8221;.vc_custom_1550661401189{background-image: url(https:\/\/hotelcoral.al\/wp-content\/uploads\/2019\/02\/room-1.jpg?id=300) !important;background-position: 0 0 !important;background-repeat: no-repeat !important;}&#8221;][vc_empty_space height=&#8221;250px&#8221;][\/vc_column][vc_column width=&#8221;2\/3&#8243;][vc_empty_space][vc_custom_heading text=&#8221;Dhom\u00eb Treshe&#8221; google_fonts=&#8221;font_family:Vollkorn%3Aregular%2Citalic%2C700%2C700italic|font_style:400%20regular%3A400%3Anormal&#8221; css=&#8221;.vc_custom_1551112540862{padding-left: 20px !important;}&#8221;][vc_custom_heading text=&#8221;Me Ballkon &amp; Pamje nga Deti&#8221; font_container=&#8221;tag:h3|text_align:left&#8221; google_fonts=&#8221;font_family:Alex%20Brush%3Aregular|font_style:400%20regular%3A400%3Anormal&#8221; css=&#8221;.vc_custom_1551112550420{margin-top: -12px !important;padding-left: 20px !important;}&#8221;][vc_separator color=&#8221;custom&#8221; align=&#8221;align_left&#8221; border_width=&#8221;2&#8243; el_width=&#8221;30&#8243; accent_color=&#8221;#f0c419&#8243; css=&#8221;.vc_custom_1550661724315{padding-left: 20px !important;}&#8221;][vc_column_text css=&#8221;.vc_custom_1551112571088{margin-top: -20px !important;padding-right: 50px !important;padding-left: 20px !important;}&#8221;]<\/p>\n<p style=\"font-family: Vollkorn, serif; text-align: left;\"><span style=\"color: #2d2d2d;\">Dhoma treshe p\u00ebrmban nj\u00eb ballkon, kolltuk dhe televizor. Hotel Coral n\u00eb Vlor\u00eb i ofron turist\u00ebve dhoma t\u00eb mobiluara me kujdes, hapsir\u00eb dhe pamje relaksuese.<\/span><\/p>\n<p>[\/vc_column_text][vc_btn title=&#8221;Detaje&#8221; style=&#8221;custom&#8221; custom_background=&#8221;#233065&#8243; custom_text=&#8221;#ffffff&#8221; shape=&#8221;square&#8221; align=&#8221;left&#8221; css=&#8221;.vc_custom_1551112578527{padding-left: 20px !important;}&#8221; link=&#8221;url:https%3A%2F%2Fhotelcoral.al%2Findex.php%2Ftriple-room-with-balcony-and-sea-view%2F|||&#8221;][\/vc_column][\/vc_row][vc_row][vc_column][vc_empty_space height=&#8221;42px&#8221;][\/vc_column][\/vc_row][vc_row el_class=&#8221;rresht&#8221;][vc_column width=&#8221;1\/3&#8243; css=&#8221;.vc_custom_1550661821035{background-image: url(https:\/\/hotelcoral.al\/wp-content\/uploads\/2019\/02\/room-2.jpg?id=302) !important;background-position: 0 0 !important;background-repeat: no-repeat !important;}&#8221;][vc_empty_space height=&#8221;250px&#8221;][\/vc_column][vc_column width=&#8221;2\/3&#8243;][vc_empty_space][vc_custom_heading text=&#8221;Suite Junior&#8221; google_fonts=&#8221;font_family:Vollkorn%3Aregular%2Citalic%2C700%2C700italic|font_style:400%20regular%3A400%3Anormal&#8221; css=&#8221;.vc_custom_1551112585683{padding-left: 20px !important;}&#8221;][vc_custom_heading text=&#8221;Me Ballkon &amp; Pamje nga Deti&#8221; font_container=&#8221;tag:h3|text_align:left&#8221; google_fonts=&#8221;font_family:Alex%20Brush%3Aregular|font_style:400%20regular%3A400%3Anormal&#8221; css=&#8221;.vc_custom_1551112595730{margin-top: -12px !important;padding-left: 20px !important;}&#8221;][vc_separator color=&#8221;custom&#8221; align=&#8221;align_left&#8221; border_width=&#8221;2&#8243; el_width=&#8221;30&#8243; accent_color=&#8221;#f0c419&#8243; css=&#8221;.vc_custom_1550661724315{padding-left: 20px !important;}&#8221;][vc_column_text css=&#8221;.vc_custom_1551112607263{margin-top: -20px !important;padding-right: 50px !important;padding-left: 20px !important;}&#8221;]<\/p>\n<p style=\"font-family: Vollkorn, serif; text-align: left;\"><span style=\"color: #2d2d2d;\">Suita p\u00ebrmban nj\u00eb ballkon, ambient q\u00ebndrimi dhe tualet spa. Hotel Coral n\u00eb Vlor\u00eb i ofron turist\u00ebve dhoma t\u00eb mobiluara me kujdes, hapsir\u00eb dhe pamje relaksuese.<\/span><\/p>\n<p>[\/vc_column_text][vc_btn title=&#8221;Detaje&#8221; style=&#8221;custom&#8221; custom_background=&#8221;#233065&#8243; custom_text=&#8221;#ffffff&#8221; shape=&#8221;square&#8221; align=&#8221;left&#8221; css=&#8221;.vc_custom_1551112613807{padding-left: 20px !important;}&#8221; link=&#8221;url:https%3A%2F%2Fhotelcoral.al%2Findex.php%2Fjunior-suite-with-balcony-and-sea-view%2F|||&#8221;][\/vc_column][\/vc_row][vc_row][vc_column][vc_empty_space height=&#8221;42px&#8221;][\/vc_column][\/vc_row][vc_row el_class=&#8221;rresht&#8221;][vc_column width=&#8221;1\/3&#8243; css=&#8221;.vc_custom_1550661895542{background-image: url(https:\/\/hotelcoral.al\/wp-content\/uploads\/2019\/02\/room-3.jpg?id=303) !important;background-position: 0 0 !important;background-repeat: no-repeat !important;}&#8221;][vc_empty_space height=&#8221;250px&#8221;][\/vc_column][vc_column width=&#8221;2\/3&#8243;][vc_empty_space][vc_custom_heading text=&#8221;Dhom\u00eb Familjare&#8221; google_fonts=&#8221;font_family:Vollkorn%3Aregular%2Citalic%2C700%2C700italic|font_style:400%20regular%3A400%3Anormal&#8221; css=&#8221;.vc_custom_1551112624057{padding-left: 20px !important;}&#8221;][vc_custom_heading text=&#8221;Me Ballkon &amp; Pamje nga Deti&#8221; font_container=&#8221;tag:h3|text_align:left&#8221; google_fonts=&#8221;font_family:Alex%20Brush%3Aregular|font_style:400%20regular%3A400%3Anormal&#8221; css=&#8221;.vc_custom_1551112648010{margin-top: -12px !important;padding-left: 20px !important;}&#8221;][vc_separator color=&#8221;custom&#8221; align=&#8221;align_left&#8221; border_width=&#8221;2&#8243; el_width=&#8221;30&#8243; accent_color=&#8221;#f0c419&#8243; css=&#8221;.vc_custom_1550661724315{padding-left: 20px !important;}&#8221;][vc_column_text css=&#8221;.vc_custom_1551112659303{margin-top: -20px !important;padding-right: 50px !important;padding-left: 20px !important;}&#8221;]<\/p>\n<p style=\"font-family: Vollkorn, serif; text-align: left;\"><span style=\"color: #2d2d2d;\">Suita p\u00ebrmban nj\u00eb ballkon, sistem izolimi ndaj zhurmes. Hotel Coral n\u00eb Vlor\u00eb i ofron turist\u00ebve dhoma t\u00eb mobiluara me kujdes, hapsir\u00eb dhe pamje relaksuese.<\/span><\/p>\n<p>[\/vc_column_text][vc_btn title=&#8221;Detaje&#8221; style=&#8221;custom&#8221; custom_background=&#8221;#233065&#8243; custom_text=&#8221;#ffffff&#8221; shape=&#8221;square&#8221; align=&#8221;left&#8221; css=&#8221;.vc_custom_1551112666813{padding-left: 20px !important;}&#8221; link=&#8221;url:https%3A%2F%2Fhotelcoral.al%2Findex.php%2Ffamily-room-with-balcony-and-sea-view%2F|||&#8221;][\/vc_column][\/vc_row]<\/p>\n<\/div>","protected":false},"excerpt":{"rendered":"<p>[vc_row el_class=&#8221;rresht&#8221;][vc_column width=&#8221;1\/3&#8243; css=&#8221;.vc_custom_1550661401189{background-image: url(https:\/\/hotelcoral.al\/wp-content\/uploads\/2019\/02\/room-1.jpg?id=300) !important;background-position: 0 0 !important;background-repeat: no-repeat !important;}&#8221;][vc_empty_space height=&#8221;250px&#8221;][\/vc_column][vc_column width=&#8221;2\/3&#8243;][vc_empty_space][vc_custom_heading text=&#8221;Dhom\u00eb Treshe&#8221; google_fonts=&#8221;font_family:Vollkorn%3Aregular%2Citalic%2C700%2C700italic|font_style:400%20regular%3A400%3Anormal&#8221; css=&#8221;.vc_custom_1551112540862{padding-left: 20px !important;}&#8221;][vc_custom_heading text=&#8221;Me Ballkon &amp; Pamje nga Deti&#8221; font_container=&#8221;tag:h3|text_align:left&#8221; google_fonts=&#8221;font_family:Alex%20Brush%3Aregular|font_style:400%20regular%3A400%3Anormal&#8221; css=&#8221;.vc_custom_1551112550420{margin-top: -12px !important;padding-left: 20px !important;}&#8221;][vc_separator color=&#8221;custom&#8221; align=&#8221;align_left&#8221; border_width=&#8221;2&#8243; el_width=&#8221;30&#8243; accent_color=&#8221;#f0c419&#8243; css=&#8221;.vc_custom_1550661724315{padding-left: 20px !important;}&#8221;][vc_column_text css=&#8221;.vc_custom_1551112571088{margin-top: -20px !important;padding-right: 50px !important;padding-left: 20px !important;}&#8221;] Dhoma treshe p\u00ebrmban nj\u00eb ballkon, kolltuk dhe televizor.&hellip;<\/p>\n","protected":false},"author":19,"featured_media":0,"parent":0,"menu_order":0,"comment_status":"closed","ping_status":"closed","template":"","meta":{"footnotes":""},"class_list":["post-352","page","type-page","status-publish","hentry","description-off"],"_links":{"self":[{"href":"https:\/\/hotelcoral.al\/index.php\/wp-json\/wp\/v2\/pages\/352","targetHints":{"allow":["GET"]}}],"collection":[{"href":"https:\/\/hotelcoral.al\/index.php\/wp-json\/wp\/v2\/pages"}],"about":[{"href":"https:\/\/hotelcoral.al\/index.php\/wp-json\/wp\/v2\/types\/page"}],"author":[{"embeddable":true,"href":"https:\/\/hotelcoral.al\/index.php\/wp-json\/wp\/v2\/users\/19"}],"replies":[{"embeddable":true,"href":"https:\/\/hotelcoral.al\/index.php\/wp-json\/wp\/v2\/comments?post=352"}],"version-history":[{"count":2,"href":"https:\/\/hotelcoral.al\/index.php\/wp-json\/wp\/v2\/pages\/352\/revisions"}],"predecessor-version":[{"id":355,"href":"https:\/\/hotelcoral.al\/index.php\/wp-json\/wp\/v2\/pages\/352\/revisions\/355"}],"wp:attachment":[{"href":"https:\/\/hotelcoral.al\/index.php\/wp-json\/wp\/v2\/media?parent=352"}],"curies":[{"name":"wp","href":"https:\/\/api.w.org\/{rel}","templated":true}]}}